{"id":133,"date":"2019-01-14T04:25:27","date_gmt":"2019-01-14T04:25:27","guid":{"rendered":"http:\/\/demo.ovathemes.com\/muzze\/?page_id=133"},"modified":"2020-12-07T11:50:43","modified_gmt":"2020-12-07T11:50:43","slug":"o-nama","status":"publish","type":"page","link":"https:\/\/muzej-rukotvorina.com\/index.php\/o-nama\/","title":{"rendered":"O nama"},"content":{"rendered":"\t\t<div data-elementor-type=\"wp-post\" data-elementor-id=\"133\" class=\"elementor elementor-133\" data-elementor-settings=\"[]\">\n\t\t\t\t\t\t<div class=\"elementor-inner\">\n\t\t\t\t\t\t\t<div class=\"elementor-section-wrap\">\n\t\t\t\t\t\t\t<section class=\"elementor-section elementor-top-section elementor-element elementor-element-87b6ee7 elementor-section-full_width elementor-section-height-default elementor-section-height-default\" data-id=\"87b6ee7\" data-element_type=\"section\">\n\t\t\t\t\t\t<div class=\"elementor-container elementor-column-gap-default\">\n\t\t\t\t\t\t\t<div class=\"elementor-row\">\n\t\t\t\t\t<div class=\"elementor-column elementor-col-100 elementor-top-column elementor-element elementor-element-96fa290\" data-id=\"96fa290\" data-element_type=\"column\" data-settings=\"{&quot;background_background&quot;:&quot;classic&quot;}\">\n\t\t\t<div class=\"elementor-column-wrap elementor-element-populated\">\n\t\t\t\t\t\t\t<div class=\"elementor-widget-wrap\">\n\t\t\t\t\t\t<div class=\"elementor-element elementor-element-62bd1ae elementor-widget elementor-widget-ova_heading_page\" data-id=\"62bd1ae\" data-element_type=\"widget\" data-widget_type=\"ova_heading_page.default\">\n\t\t\t\t<div class=\"elementor-widget-container\">\n\t\t\t\n\t\t<section class=\"heading-page\" style=\"background-image: url(https:\/\/muzej-rukotvorina.com\/wp-content\/uploads\/2020\/12\/slajd.png)\" >\n\t\t\t<div class=\"container\">\n\t\t\t\t<div class=\"cta-content\">\n\t\t\t\t\t\t\t\t\t\t\t<h2 class=\"second_font\">O nama<\/h2>\n\t\t\t\t\t\t\t\t\t\t\n\t\t\t\t<\/div>\n\t\t\t<\/div>\n\t\t<\/section>\n\n\t\t\t<\/div>\n\t\t\t\t<\/div>\n\t\t\t\t\t\t<\/div>\n\t\t\t\t\t<\/div>\n\t\t<\/div>\n\t\t\t\t\t\t\t\t<\/div>\n\t\t\t\t\t<\/div>\n\t\t<\/section>\n\t\t\t\t<section class=\"elementor-section elementor-top-section elementor-element elementor-element-ac5a5bd elementor-section-boxed elementor-section-height-default elementor-section-height-default\" data-id=\"ac5a5bd\" data-element_type=\"section\">\n\t\t\t\t\t\t<div class=\"elementor-container elementor-column-gap-default\">\n\t\t\t\t\t\t\t<div class=\"elementor-row\">\n\t\t\t\t\t<div class=\"elementor-column elementor-col-100 elementor-top-column elementor-element elementor-element-d4501c6\" data-id=\"d4501c6\" data-element_type=\"column\">\n\t\t\t<div class=\"elementor-column-wrap elementor-element-populated\">\n\t\t\t\t\t\t\t<div class=\"elementor-widget-wrap\">\n\t\t\t\t\t\t<div class=\"elementor-element elementor-element-8d4591e elementor-widget elementor-widget-ova_heading\" data-id=\"8d4591e\" data-element_type=\"widget\" data-widget_type=\"ova_heading.default\">\n\t\t\t\t<div class=\"elementor-widget-container\">\n\t\t\t\t\t<div class=\"ova_heading\">\n\t\t\t\t\t\t\t<h1 class=\"heading_title second_font\">O nama<\/h1>\n\t\t\t\t\t\t\t\t<\/div>\n\t\t\t\t<\/div>\n\t\t\t\t<\/div>\n\t\t\t\t<div class=\"elementor-element elementor-element-059a9fd line-height-32 elementor-widget elementor-widget-text-editor\" data-id=\"059a9fd\" data-element_type=\"widget\" data-widget_type=\"text-editor.default\">\n\t\t\t\t<div class=\"elementor-widget-container\">\n\t\t\t\t\t\t\t\t<div class=\"elementor-text-editor elementor-clearfix\">\n\t\t\t\t<div><div><div><div><div><div><div><div><div><p>Udruga<a href=\"https:\/\/samopozitivno.com\/\"> SAMO POZITIVNO<\/a> je osnovana s ciljem djelovanja prvenstveno na podru\u010dju Vukovarsko-srijemske \u017eupanije, a potom na podru\u010dju Republike Hrvatske i inozemstvu.<\/p><\/div><\/div><\/div><\/div><\/div><\/div><\/div><\/div><\/div><div><div><div><div><div><p>\u017delja nam je pratiti sve pozitivne aktivnosti te podr\u017eati srodne udruge u nastojanjima da suradnjom do\u0111emo do jo\u0161 boljih rezultata.\u00a0<\/p><p style=\"font-family: Roboto, Source-Sans-Variable; font-size: 20px; letter-spacing: 0.2px;\"><span style=\"font-family: Lora, Source-Sans-Variable; font-size: 22px; font-weight: var( --e-global-typography-text-font-weight ); letter-spacing: 0px;\">Svojim budu\u0107im aktivnostima \u017eelimo stvoriti Muzej<br \/>rukotvorina koji \u0107e biti podr\u0161ka gospodarskom razvoju regije, koji \u0107e obogatiti<br \/>kulturnu i turisti\u010dku ponudu kontinentalne Hrvatske i biti primjer razvoja<br \/>pozitivne poduzetni\u010dke klime.<\/span><\/p><p>\u00a0<\/p><p>\u00a0<\/p><\/div><\/div><\/div><\/div><\/div>\t\t\t\t\t<\/div>\n\t\t\t\t\t\t<\/div>\n\t\t\t\t<\/div>\n\t\t\t\t\t\t<\/div>\n\t\t\t\t\t<\/div>\n\t\t<\/div>\n\t\t\t\t\t\t\t\t<\/div>\n\t\t\t\t\t<\/div>\n\t\t<\/section>\n\t\t\t\t<section class=\"elementor-section elementor-top-section elementor-element elementor-element-4427379 elementor-section-boxed elementor-section-height-default elementor-section-height-default\" data-id=\"4427379\" data-element_type=\"section\">\n\t\t\t\t\t\t<div class=\"elementor-container elementor-column-gap-default\">\n\t\t\t\t\t\t\t<div class=\"elementor-row\">\n\t\t\t\t\t<div class=\"elementor-column elementor-col-50 elementor-top-column elementor-element elementor-element-ec4fe99\" data-id=\"ec4fe99\" data-element_type=\"column\">\n\t\t\t<div class=\"elementor-column-wrap elementor-element-populated\">\n\t\t\t\t\t\t\t<div class=\"elementor-widget-wrap\">\n\t\t\t\t\t\t<div class=\"elementor-element elementor-element-fbdef15 line-height-32 elementor-widget elementor-widget-text-editor\" data-id=\"fbdef15\" data-element_type=\"widget\" data-widget_type=\"text-editor.default\">\n\t\t\t\t<div class=\"elementor-widget-container\">\n\t\t\t\t\t\t\t\t<div class=\"elementor-text-editor elementor-clearfix\">\n\t\t\t\t<p><em>Virtualni Muzej rukotvorina<\/em> nastao je iz zajednice kao odgovor na postoje\u0107e stanje svijesti ljudi koji \u017eele skrenuti pa\u017enju na vrijednosti tradicijskih rukotvorina koje su nastale u domovima i malim obiteljskim radionicama u bli\u017eoj ili dalekoj povijesti, vrijednosti rukotvorina inspirirane tradicijom ili suvremene rukotvorine koje nastaju iz unutarnjeg poriva autora, a upravo te vrijednosti pokreta\u010d su malih i velikih poduzetni\u010dkih pri\u010da te osnova unutarnjeg du\u0161evnog mira i zadovoljstva.<\/p><p><em>Muzej rukotvorina <\/em>prikuplja, istra\u017euje, dokumentira, virtualno komunicira, izla\u017ee na izlo\u017ebama predmete nastale vje\u0161tinama, ma\u0161tom, kreativno\u0161\u0107u, talentom, voljom, marom, \u017eeljom ili potrebom za stvaranjem pojedinca.<\/p><p>\u00a0<\/p>\t\t\t\t\t<\/div>\n\t\t\t\t\t\t<\/div>\n\t\t\t\t<\/div>\n\t\t\t\t<div class=\"elementor-element elementor-element-76a8fcb elementor-widget elementor-widget-text-editor\" data-id=\"76a8fcb\" data-element_type=\"widget\" data-widget_type=\"text-editor.default\">\n\t\t\t\t<div class=\"elementor-widget-container\">\n\t\t\t\t\t\t\t\t<div class=\"elementor-text-editor elementor-clearfix\">\n\t\t\t\t\t\t\t\t\t<\/div>\n\t\t\t\t\t\t<\/div>\n\t\t\t\t<\/div>\n\t\t\t\t\t\t<\/div>\n\t\t\t\t\t<\/div>\n\t\t<\/div>\n\t\t\t\t<div class=\"elementor-column elementor-col-50 elementor-top-column elementor-element elementor-element-88a77c4\" data-id=\"88a77c4\" data-element_type=\"column\">\n\t\t\t<div class=\"elementor-column-wrap elementor-element-populated\">\n\t\t\t\t\t\t\t<div class=\"elementor-widget-wrap\">\n\t\t\t\t\t\t<div class=\"elementor-element elementor-element-503aa96 line-height-32 elementor-widget elementor-widget-text-editor\" data-id=\"503aa96\" data-element_type=\"widget\" data-widget_type=\"text-editor.default\">\n\t\t\t\t<div class=\"elementor-widget-container\">\n\t\t\t\t\t\t\t\t<div class=\"elementor-text-editor elementor-clearfix\">\n\t\t\t\t<p><span style=\"font-family: var( --e-global-typography-text-font-family ), Source-Sans-Variable; font-weight: var( --e-global-typography-text-font-weight ); letter-spacing: 0.2px;\">Cilj je ovog projekta biti inspiracija i doprinijeti revitalizaciji malih obiteljskih gospodarstava, biti poticaj u stvaranju&nbsp; budu\u0107ih poduzetni\u010dkih pri\u010da i proizvoda, biti poticaj o osna\u017eivanju \u017eenskog poduzetni\u0161tva, poticaj u osna\u017eivanju poduzetni\u0161tva najranjivijih skupina na podru\u010dju Republike Hrvatske i cijeloga svijeta, ali i osvijestiti rukotvorstvo kao podr\u0161ku mentalnoj i duhovnoj ravnote\u017ei pojedinca.<\/span><\/p>\n<p>Svoje djelovanje Muzej rukotvorina usmjerit \u0107e na stvaranje bogate virtualne baze podataka rukotvorina iz cijelog svijeta, izlo\u017ebe, pedago\u0161ko andrago\u0161ke radionice, rehabilitacijske radionice, edukativne radionice, promocije, prezentacije, promid\u017ebe.<\/p>\n<p><br><\/p>\t\t\t\t\t<\/div>\n\t\t\t\t\t\t<\/div>\n\t\t\t\t<\/div>\n\t\t\t\t<div class=\"elementor-element elementor-element-c93dc66 elementor-widget elementor-widget-text-editor\" data-id=\"c93dc66\" data-element_type=\"widget\" data-widget_type=\"text-editor.default\">\n\t\t\t\t<div class=\"elementor-widget-container\">\n\t\t\t\t\t\t\t\t<div class=\"elementor-text-editor elementor-clearfix\">\n\t\t\t\t\t\t\t\t\t<\/div>\n\t\t\t\t\t\t<\/div>\n\t\t\t\t<\/div>\n\t\t\t\t\t\t<\/div>\n\t\t\t\t\t<\/div>\n\t\t<\/div>\n\t\t\t\t\t\t\t\t<\/div>\n\t\t\t\t\t<\/div>\n\t\t<\/section>\n\t\t\t\t<section class=\"elementor-section elementor-top-section elementor-element elementor-element-1e8f5b1 elementor-section-boxed elementor-section-height-default elementor-section-height-default\" data-id=\"1e8f5b1\" data-element_type=\"section\">\n\t\t\t\t\t\t<div class=\"elementor-container elementor-column-gap-default\">\n\t\t\t\t\t\t\t<div class=\"elementor-row\">\n\t\t\t\t\t<div class=\"elementor-column elementor-col-100 elementor-top-column elementor-element elementor-element-78fc7c1\" data-id=\"78fc7c1\" data-element_type=\"column\">\n\t\t\t<div class=\"elementor-column-wrap elementor-element-populated\">\n\t\t\t\t\t\t\t<div class=\"elementor-widget-wrap\">\n\t\t\t\t\t\t<div class=\"elementor-element elementor-element-c287c59 elementor-widget elementor-widget-image\" data-id=\"c287c59\" data-element_type=\"widget\" data-widget_type=\"image.default\">\n\t\t\t\t<div class=\"elementor-widget-container\">\n\t\t\t\t\t\t\t\t<div class=\"elementor-image\">\n\t\t\t\t\t\t\t\t\t\t\t\t<img width=\"1182\" height=\"789\" src=\"https:\/\/muzej-rukotvorina.com\/wp-content\/uploads\/2020\/12\/logo-logo.png\" class=\"attachment-full size-full\" alt=\"\" loading=\"lazy\" srcset=\"https:\/\/muzej-rukotvorina.com\/wp-content\/uploads\/2020\/12\/logo-logo.png 1182w, https:\/\/muzej-rukotvorina.com\/wp-content\/uploads\/2020\/12\/logo-logo-300x200.png 300w, https:\/\/muzej-rukotvorina.com\/wp-content\/uploads\/2020\/12\/logo-logo-1024x684.png 1024w, https:\/\/muzej-rukotvorina.com\/wp-content\/uploads\/2020\/12\/logo-logo-768x513.png 768w, https:\/\/muzej-rukotvorina.com\/wp-content\/uploads\/2020\/12\/logo-logo-600x401.png 600w\" sizes=\"(max-width: 1182px) 100vw, 1182px\" \/>\t\t\t\t\t\t\t\t\t\t\t\t\t\t<\/div>\n\t\t\t\t\t\t<\/div>\n\t\t\t\t<\/div>\n\t\t\t\t\t\t<\/div>\n\t\t\t\t\t<\/div>\n\t\t<\/div>\n\t\t\t\t\t\t\t\t<\/div>\n\t\t\t\t\t<\/div>\n\t\t<\/section>\n\t\t\t\t<section class=\"elementor-section elementor-top-section elementor-element elementor-element-1a5bffd elementor-section-boxed elementor-section-height-default elementor-section-height-default\" data-id=\"1a5bffd\" data-element_type=\"section\">\n\t\t\t\t\t\t<div class=\"elementor-container elementor-column-gap-default\">\n\t\t\t\t\t\t\t<div class=\"elementor-row\">\n\t\t\t\t\t<div class=\"elementor-column elementor-col-100 elementor-top-column elementor-element elementor-element-dd3b581\" data-id=\"dd3b581\" data-element_type=\"column\">\n\t\t\t<div class=\"elementor-column-wrap\">\n\t\t\t\t\t\t\t<div class=\"elementor-widget-wrap\">\n\t\t\t\t\t\t\t\t<\/div>\n\t\t\t\t\t<\/div>\n\t\t<\/div>\n\t\t\t\t\t\t\t\t<\/div>\n\t\t\t\t\t<\/div>\n\t\t<\/section>\n\t\t\t\t<section class=\"elementor-section elementor-top-section elementor-element elementor-element-3145650 elementor-section-boxed elementor-section-height-default elementor-section-height-default\" data-id=\"3145650\" data-element_type=\"section\">\n\t\t\t\t\t\t<div class=\"elementor-container elementor-column-gap-default\">\n\t\t\t\t\t\t\t<div class=\"elementor-row\">\n\t\t\t\t\t<div class=\"elementor-column elementor-col-100 elementor-top-column elementor-element elementor-element-ab0db2a\" data-id=\"ab0db2a\" data-element_type=\"column\">\n\t\t\t<div class=\"elementor-column-wrap elementor-element-populated\">\n\t\t\t\t\t\t\t<div class=\"elementor-widget-wrap\">\n\t\t\t\t\t\t<div class=\"elementor-element elementor-element-d44b074 elementor-widget elementor-widget-ova_heading\" data-id=\"d44b074\" data-element_type=\"widget\" data-widget_type=\"ova_heading.default\">\n\t\t\t\t<div class=\"elementor-widget-container\">\n\t\t\t\t\t<div class=\"ova_heading\">\n\t\t\t\t\t\t\t<h1 class=\"heading_title second_font\">MISIJA:<\/h1>\n\t\t\t\t\t\t\t\t<\/div>\n\t\t\t\t<\/div>\n\t\t\t\t<\/div>\n\t\t\t\t<div class=\"elementor-element elementor-element-0a750cb line-height-32 elementor-widget elementor-widget-text-editor\" data-id=\"0a750cb\" data-element_type=\"widget\" data-widget_type=\"text-editor.default\">\n\t\t\t\t<div class=\"elementor-widget-container\">\n\t\t\t\t\t\t\t\t<div class=\"elementor-text-editor elementor-clearfix\">\n\t\t\t\t<p>Misija je prikupljati, istra\u017eiti, dokumentirati i komunicirati rukotvorine cijeloga svijeta te edukacija svih dobnih skupina i \u010dlanova dru\u0161tva u odr\u017eivom kori\u0161tenju ba\u0161tinskih fenomena u razvoju poduzetni\u010dkih pri\u010da i proizvoda.<\/p>\t\t\t\t\t<\/div>\n\t\t\t\t\t\t<\/div>\n\t\t\t\t<\/div>\n\t\t\t\t\t\t<\/div>\n\t\t\t\t\t<\/div>\n\t\t<\/div>\n\t\t\t\t\t\t\t\t<\/div>\n\t\t\t\t\t<\/div>\n\t\t<\/section>\n\t\t\t\t<section class=\"elementor-section elementor-top-section elementor-element elementor-element-5e5a6e6 elementor-section-boxed elementor-section-height-default elementor-section-height-default\" data-id=\"5e5a6e6\" data-element_type=\"section\">\n\t\t\t\t\t\t<div class=\"elementor-container elementor-column-gap-default\">\n\t\t\t\t\t\t\t<div class=\"elementor-row\">\n\t\t\t\t\t<div class=\"elementor-column elementor-col-100 elementor-top-column elementor-element elementor-element-dfc60a6\" data-id=\"dfc60a6\" data-element_type=\"column\">\n\t\t\t<div class=\"elementor-column-wrap elementor-element-populated\">\n\t\t\t\t\t\t\t<div class=\"elementor-widget-wrap\">\n\t\t\t\t\t\t<div class=\"elementor-element elementor-element-65e447c elementor-widget elementor-widget-ova_heading\" data-id=\"65e447c\" data-element_type=\"widget\" data-widget_type=\"ova_heading.default\">\n\t\t\t\t<div class=\"elementor-widget-container\">\n\t\t\t\t\t<div class=\"ova_heading\">\n\t\t\t\t\t\t\t<h1 class=\"heading_title second_font\">VIZIJA:<\/h1>\n\t\t\t\t\t\t\t\t<\/div>\n\t\t\t\t<\/div>\n\t\t\t\t<\/div>\n\t\t\t\t<div class=\"elementor-element elementor-element-c49eaef line-height-32 elementor-widget elementor-widget-text-editor\" data-id=\"c49eaef\" data-element_type=\"widget\" data-widget_type=\"text-editor.default\">\n\t\t\t\t<div class=\"elementor-widget-container\">\n\t\t\t\t\t\t\t\t<div class=\"elementor-text-editor elementor-clearfix\">\n\t\t\t\t<p><span style=\"font-weight: var( --e-global-typography-text-font-weight ); letter-spacing: 0px;\">&#8211; biti institucija koja prikuplja, \u0161titi, \u010duva i komunicira tradicijske rukotvorine, rukotvorine inspirirane \u00a0tradicijom i suvremene rukotvorine cijeloga svijeta;<\/span><\/p><p>&#8211; buditi svijest pojedinca i dru\u0161tva o za\u0161titi i njegovanju ba\u0161tine i vrijednosti ba\u0161tine kao ekonomskog izvora i kulturnog kapitala;<\/p><p>&#8211; inspirirati pojedinca i dru\u0161tvo u stvaranju poduzetni\u010dkih aktivnosti i proizvoda;<\/p><p>&#8211; kroz pedago\u0161ko andrago\u0161ke aktivnosti educirati, osna\u017eiti i poticati;<\/p><p>&#8211; biti institucija koja \u0107e na najvi\u0161oj razini unaprje\u0111ivati muzejsku struku koriste\u0107i suvremene tehnologije i informatizaciju;<\/p>\t\t\t\t\t<\/div>\n\t\t\t\t\t\t<\/div>\n\t\t\t\t<\/div>\n\t\t\t\t\t\t<\/div>\n\t\t\t\t\t<\/div>\n\t\t<\/div>\n\t\t\t\t\t\t\t\t<\/div>\n\t\t\t\t\t<\/div>\n\t\t<\/section>\n\t\t\t\t<section class=\"elementor-section elementor-top-section elementor-element elementor-element-a7cd9f7 elementor-section-boxed elementor-section-height-default elementor-section-height-default\" data-id=\"a7cd9f7\" data-element_type=\"section\">\n\t\t\t\t\t\t<div class=\"elementor-container elementor-column-gap-default\">\n\t\t\t\t\t\t\t<div class=\"elementor-row\">\n\t\t\t\t\t<div class=\"elementor-column elementor-col-100 elementor-top-column elementor-element elementor-element-11b4cad\" data-id=\"11b4cad\" data-element_type=\"column\">\n\t\t\t<div class=\"elementor-column-wrap elementor-element-populated\">\n\t\t\t\t\t\t\t<div class=\"elementor-widget-wrap\">\n\t\t\t\t\t\t<div class=\"elementor-element elementor-element-289d63f elementor-widget elementor-widget-heading\" data-id=\"289d63f\" data-element_type=\"widget\" data-widget_type=\"heading.default\">\n\t\t\t\t<div class=\"elementor-widget-container\">\n\t\t\t<h2 class=\"elementor-heading-title elementor-size-default\">Kontaktirajte nas<\/h2>\t\t<\/div>\n\t\t\t\t<\/div>\n\t\t\t\t<div class=\"elementor-element elementor-element-dac2a62 elementor-widget elementor-widget-heading\" data-id=\"dac2a62\" data-element_type=\"widget\" data-widget_type=\"heading.default\">\n\t\t\t\t<div class=\"elementor-widget-container\">\n\t\t\t<h2 class=\"elementor-heading-title elementor-size-default\">Nazovite nas (032) 334-443<\/h2>\t\t<\/div>\n\t\t\t\t<\/div>\n\t\t\t\t<div class=\"elementor-element elementor-element-44f16fc line-height-26 elementor-widget elementor-widget-text-editor\" data-id=\"44f16fc\" data-element_type=\"widget\" data-widget_type=\"text-editor.default\">\n\t\t\t\t<div class=\"elementor-widget-container\">\n\t\t\t\t\t\t\t\t<div class=\"elementor-text-editor elementor-clearfix\">\n\t\t\t\t\t\t\t\t\t<\/div>\n\t\t\t\t\t\t<\/div>\n\t\t\t\t<\/div>\n\t\t\t\t<div class=\"elementor-element elementor-element-5672f3c elementor-align-center elementor-widget elementor-widget-button\" data-id=\"5672f3c\" data-element_type=\"widget\" data-widget_type=\"button.default\">\n\t\t\t\t<div class=\"elementor-widget-container\">\n\t\t\t\t\t<div class=\"elementor-button-wrapper\">\n\t\t\t<a href=\"http:\/\/www.samopozitivno.hr\" class=\"elementor-button-link elementor-button elementor-size-sm\" role=\"button\">\n\t\t\t\t\t\t<span class=\"elementor-button-content-wrapper\">\n\t\t\t\t\t\t<span class=\"elementor-button-text\">Kontaktirajte nas<\/span>\n\t\t<\/span>\n\t\t\t\t\t<\/a>\n\t\t<\/div>\n\t\t\t\t<\/div>\n\t\t\t\t<\/div>\n\t\t\t\t\t\t<\/div>\n\t\t\t\t\t<\/div>\n\t\t<\/div>\n\t\t\t\t\t\t\t\t<\/div>\n\t\t\t\t\t<\/div>\n\t\t<\/section>\n\t\t\t\t\t\t<\/div>\n\t\t\t\t\t\t<\/div>\n\t\t\t\t\t<\/div>\n\t\t","protected":false},"excerpt":{"rendered":"<p>O nama O nama Udruga SAMO POZITIVNO je osnovana s ciljem djelovanja prvenstveno na podru\u010dju Vukovarsko-srijemske \u017eupanije, a potom na podru\u010dju Republike Hrvatske i inozemstvu. \u017delja nam je pratiti sve pozitivne aktivnosti te podr\u017eati srodne udruge u nastojanjima da suradnjom do\u0111emo do jo\u0161 boljih rezultata.\u00a0 Svojim budu\u0107im aktivnostima \u017eelimo stvoriti Muzejrukotvorina koji \u0107e biti podr\u0161ka [&hellip;]<\/p>\n","protected":false},"author":1,"featured_media":0,"parent":0,"menu_order":0,"comment_status":"closed","ping_status":"closed","template":"elementor_header_footer","meta":[],"_links":{"self":[{"href":"https:\/\/muzej-rukotvorina.com\/index.php\/wp-json\/wp\/v2\/pages\/133"}],"collection":[{"href":"https:\/\/muzej-rukotvorina.com\/index.php\/wp-json\/wp\/v2\/pages"}],"about":[{"href":"https:\/\/muzej-rukotvorina.com\/index.php\/wp-json\/wp\/v2\/types\/page"}],"author":[{"embeddable":true,"href":"https:\/\/muzej-rukotvorina.com\/index.php\/wp-json\/wp\/v2\/users\/1"}],"replies":[{"embeddable":true,"href":"https:\/\/muzej-rukotvorina.com\/index.php\/wp-json\/wp\/v2\/comments?post=133"}],"version-history":[{"count":15,"href":"https:\/\/muzej-rukotvorina.com\/index.php\/wp-json\/wp\/v2\/pages\/133\/revisions"}],"predecessor-version":[{"id":5261,"href":"https:\/\/muzej-rukotvorina.com\/index.php\/wp-json\/wp\/v2\/pages\/133\/revisions\/5261"}],"wp:attachment":[{"href":"https:\/\/muzej-rukotvorina.com\/index.php\/wp-json\/wp\/v2\/media?parent=133"}],"curies":[{"name":"wp","href":"https:\/\/api.w.org\/{rel}","templated":true}]}}