{"id":2469,"date":"2019-01-31T06:28:56","date_gmt":"2019-01-31T06:28:56","guid":{"rendered":"http:\/\/demo.ovathemes.com\/muzze\/?page_id=2469"},"modified":"2021-06-09T09:15:19","modified_gmt":"2021-06-09T09:15:19","slug":"rukotvorine-inspirirane-tradicijom","status":"publish","type":"page","link":"https:\/\/muzej-rukotvorina.com\/index.php\/rukotvorine-inspirirane-tradicijom\/","title":{"rendered":"Rukotvorine inspirirane tradicijom"},"content":{"rendered":"\t\t<div data-elementor-type=\"wp-post\" data-elementor-id=\"2469\" class=\"elementor elementor-2469\" data-elementor-settings=\"[]\">\n\t\t\t\t\t\t<div class=\"elementor-inner\">\n\t\t\t\t\t\t\t<div class=\"elementor-section-wrap\">\n\t\t\t\t\t\t\t<section class=\"elementor-section elementor-top-section elementor-element elementor-element-6d73039 elementor-section-boxed elementor-section-height-default elementor-section-height-default\" data-id=\"6d73039\" data-element_type=\"section\">\n\t\t\t\t\t\t<div class=\"elementor-container elementor-column-gap-default\">\n\t\t\t\t\t\t\t<div class=\"elementor-row\">\n\t\t\t\t\t<div class=\"elementor-column elementor-col-100 elementor-top-column elementor-element elementor-element-ca349ac\" data-id=\"ca349ac\" data-element_type=\"column\">\n\t\t\t<div class=\"elementor-column-wrap elementor-element-populated\">\n\t\t\t\t\t\t\t<div class=\"elementor-widget-wrap\">\n\t\t\t\t\t\t<div class=\"elementor-element elementor-element-202b4cf elementor-widget elementor-widget-heading\" data-id=\"202b4cf\" data-element_type=\"widget\" data-widget_type=\"heading.default\">\n\t\t\t\t<div class=\"elementor-widget-container\">\n\t\t\t<h1 class=\"elementor-heading-title elementor-size-default\">Rukotvorine inspirirane tradicijom<\/h1>\t\t<\/div>\n\t\t\t\t<\/div>\n\t\t\t\t\t\t<\/div>\n\t\t\t\t\t<\/div>\n\t\t<\/div>\n\t\t\t\t\t\t\t\t<\/div>\n\t\t\t\t\t<\/div>\n\t\t<\/section>\n\t\t\t\t<section class=\"elementor-section elementor-top-section elementor-element elementor-element-18bc84d elementor-section-boxed elementor-section-height-default elementor-section-height-default\" data-id=\"18bc84d\" data-element_type=\"section\">\n\t\t\t\t\t\t<div class=\"elementor-container elementor-column-gap-default\">\n\t\t\t\t\t\t\t<div class=\"elementor-row\">\n\t\t\t\t\t<div class=\"elementor-column elementor-col-100 elementor-top-column elementor-element elementor-element-2b1f7cc\" data-id=\"2b1f7cc\" data-element_type=\"column\">\n\t\t\t<div class=\"elementor-column-wrap elementor-element-populated\">\n\t\t\t\t\t\t\t<div class=\"elementor-widget-wrap\">\n\t\t\t\t\t\t<div class=\"elementor-element elementor-element-bf3c0fa elementor-widget elementor-widget-text-editor\" data-id=\"bf3c0fa\" data-element_type=\"widget\" data-widget_type=\"text-editor.default\">\n\t\t\t\t<div class=\"elementor-widget-container\">\n\t\t\t\t\t\t\t\t<div class=\"elementor-text-editor elementor-clearfix\">\n\t\t\t\t<p>Rukotvorine inspirirane tradicijom<\/p>\t\t\t\t\t<\/div>\n\t\t\t\t\t\t<\/div>\n\t\t\t\t<\/div>\n\t\t\t\t\t\t<\/div>\n\t\t\t\t\t<\/div>\n\t\t<\/div>\n\t\t\t\t\t\t\t\t<\/div>\n\t\t\t\t\t<\/div>\n\t\t<\/section>\n\t\t\t\t<section class=\"elementor-section elementor-top-section elementor-element elementor-element-e610cf5 elementor-section-boxed elementor-section-height-default elementor-section-height-default\" data-id=\"e610cf5\" data-element_type=\"section\">\n\t\t\t\t\t\t<div class=\"elementor-container elementor-column-gap-default\">\n\t\t\t\t\t\t\t<div class=\"elementor-row\">\n\t\t\t\t\t<div class=\"elementor-column elementor-col-33 elementor-top-column elementor-element elementor-element-3aadee3\" data-id=\"3aadee3\" data-element_type=\"column\">\n\t\t\t<div class=\"elementor-column-wrap elementor-element-populated\">\n\t\t\t\t\t\t\t<div class=\"elementor-widget-wrap\">\n\t\t\t\t\t\t<div class=\"elementor-element elementor-element-900ae04 elementor-widget elementor-widget-ova_info_image\" data-id=\"900ae04\" data-element_type=\"widget\" data-widget_type=\"ova_info_image.default\">\n\t\t\t\t<div class=\"elementor-widget-container\">\n\t\t\t\t\t<div class=\"ova_info_position info_position\">\n\t\t\t\t\t\t\t<div class=\"post-media\">\n\t\t\t\t\t<img src=\"https:\/\/muzej-rukotvorina.com\/wp-content\/uploads\/2020\/12\/lutka.jpg\" alt=\"Suvenir\">\n\t\t\t\t<\/div>\n\t\t\t\t\t\t<div class=\"content\">\n\t\t\t\t\t\t\t\t\t<div class=\"title\">\n\t\t\t\t\t\t<h3><a class=\"second_font\" href=\"#\">Suvenir<\/a><\/h3>\n\t\t\t\t\t<\/div>\n\t\t\t\t\t\t\t\t\t\t\t\t\t<div class=\"desc\">\n\t\t\t\t\t\t<p>Izradila: Lidija Nova\u010di\u0107<\/p>\n\t\t\t\t\t<\/div>\n\t\t\t\t\n\t\t\t\t\n\t\t\t\t\t\t\t<\/div>\n\t\t\t\n\n\t\t<\/div>\n\t\t\t<\/div>\n\t\t\t\t<\/div>\n\t\t\t\t\t\t<\/div>\n\t\t\t\t\t<\/div>\n\t\t<\/div>\n\t\t\t\t<div class=\"elementor-column elementor-col-33 elementor-top-column elementor-element elementor-element-eda9c66\" data-id=\"eda9c66\" data-element_type=\"column\">\n\t\t\t<div class=\"elementor-column-wrap elementor-element-populated\">\n\t\t\t\t\t\t\t<div class=\"elementor-widget-wrap\">\n\t\t\t\t\t\t<div class=\"elementor-element elementor-element-8926fb3 elementor-widget elementor-widget-ova_info_image\" data-id=\"8926fb3\" data-element_type=\"widget\" data-widget_type=\"ova_info_image.default\">\n\t\t\t\t<div class=\"elementor-widget-container\">\n\t\t\t\t\t<div class=\"ova_info_position info_position\">\n\t\t\t\t\t\t\t<div class=\"post-media\">\n\t\t\t\t\t<img src=\"https:\/\/muzej-rukotvorina.com\/wp-content\/uploads\/2020\/12\/bozicni-ukrsa.jpg\" alt=\"Bo\u017ei\u0107ni nakit\">\n\t\t\t\t<\/div>\n\t\t\t\t\t\t<div class=\"content\">\n\t\t\t\t\t\t\t\t\t<div class=\"title\">\n\t\t\t\t\t\t<h3><a class=\"second_font\" href=\"#\">Bo\u017ei\u0107ni nakit<\/a><\/h3>\n\t\t\t\t\t<\/div>\n\t\t\t\t\t\t\t\t\t\t\t\t\t<div class=\"desc\">\n\t\t\t\t\t\t<p>Izradila: Lidija Nova\u010di\u0107<\/p>\n\t\t\t\t\t<\/div>\n\t\t\t\t\n\t\t\t\t\n\t\t\t\t\t\t\t<\/div>\n\t\t\t\n\n\t\t<\/div>\n\t\t\t<\/div>\n\t\t\t\t<\/div>\n\t\t\t\t\t\t<\/div>\n\t\t\t\t\t<\/div>\n\t\t<\/div>\n\t\t\t\t<div class=\"elementor-column elementor-col-33 elementor-top-column elementor-element elementor-element-32cc5bc\" data-id=\"32cc5bc\" data-element_type=\"column\">\n\t\t\t<div class=\"elementor-column-wrap elementor-element-populated\">\n\t\t\t\t\t\t\t<div class=\"elementor-widget-wrap\">\n\t\t\t\t\t\t<div class=\"elementor-element elementor-element-99ec6fe elementor-widget elementor-widget-ova_info_image\" data-id=\"99ec6fe\" data-element_type=\"widget\" data-widget_type=\"ova_info_image.default\">\n\t\t\t\t<div class=\"elementor-widget-container\">\n\t\t\t\t\t<div class=\"ova_info_position info_position\">\n\t\t\t\t\t\t\t<div class=\"post-media\">\n\t\t\t\t\t<img src=\"https:\/\/muzej-rukotvorina.com\/wp-content\/uploads\/2020\/12\/jeleni.jpg\" alt=\"Bo\u017ei\u0107ni nakit\">\n\t\t\t\t<\/div>\n\t\t\t\t\t\t<div class=\"content\">\n\t\t\t\t\t\t\t\t\t<div class=\"title\">\n\t\t\t\t\t\t<h3><a class=\"second_font\" href=\"#\">Bo\u017ei\u0107ni nakit<\/a><\/h3>\n\t\t\t\t\t<\/div>\n\t\t\t\t\t\t\t\t\t\t\t\t\t<div class=\"desc\">\n\t\t\t\t\t\t<p>Izradila: Lidija Nova\u010di\u0107<\/p>\n\t\t\t\t\t<\/div>\n\t\t\t\t\n\t\t\t\t\n\t\t\t\t\t\t\t<\/div>\n\t\t\t\n\n\t\t<\/div>\n\t\t\t<\/div>\n\t\t\t\t<\/div>\n\t\t\t\t\t\t<\/div>\n\t\t\t\t\t<\/div>\n\t\t<\/div>\n\t\t\t\t\t\t\t\t<\/div>\n\t\t\t\t\t<\/div>\n\t\t<\/section>\n\t\t\t\t<section class=\"elementor-section elementor-top-section elementor-element elementor-element-5850889 elementor-section-boxed elementor-section-height-default elementor-section-height-default\" data-id=\"5850889\" data-element_type=\"section\">\n\t\t\t\t\t\t<div class=\"elementor-container elementor-column-gap-default\">\n\t\t\t\t\t\t\t<div class=\"elementor-row\">\n\t\t\t\t\t<div class=\"elementor-column elementor-col-33 elementor-top-column elementor-element elementor-element-28371c4\" data-id=\"28371c4\" data-element_type=\"column\">\n\t\t\t<div class=\"elementor-column-wrap elementor-element-populated\">\n\t\t\t\t\t\t\t<div class=\"elementor-widget-wrap\">\n\t\t\t\t\t\t<div class=\"elementor-element elementor-element-a1e6f3a elementor-widget elementor-widget-ova_info_image\" data-id=\"a1e6f3a\" data-element_type=\"widget\" data-widget_type=\"ova_info_image.default\">\n\t\t\t\t<div class=\"elementor-widget-container\">\n\t\t\t\t\t<div class=\"ova_info_position info_position\">\n\t\t\t\t\t\t\t<div class=\"post-media\">\n\t\t\t\t\t<img src=\"https:\/\/muzej-rukotvorina.com\/wp-content\/uploads\/2020\/12\/korpa.jpg\" alt=\"Zvijezde\">\n\t\t\t\t<\/div>\n\t\t\t\t\t\t<div class=\"content\">\n\t\t\t\t\t\t\t\t\t<div class=\"title\">\n\t\t\t\t\t\t<h3><a class=\"second_font\" href=\"#\">Zvijezde<\/a><\/h3>\n\t\t\t\t\t<\/div>\n\t\t\t\t\t\t\t\t\t\t\t\t\t<div class=\"desc\">\n\t\t\t\t\t\t<p>Izradila: Lidija Nova\u010di\u0107<\/p>\n\t\t\t\t\t<\/div>\n\t\t\t\t\n\t\t\t\t\n\t\t\t\t\t\t\t<\/div>\n\t\t\t\n\n\t\t<\/div>\n\t\t\t<\/div>\n\t\t\t\t<\/div>\n\t\t\t\t\t\t<\/div>\n\t\t\t\t\t<\/div>\n\t\t<\/div>\n\t\t\t\t<div class=\"elementor-column elementor-col-33 elementor-top-column elementor-element elementor-element-020d651\" data-id=\"020d651\" data-element_type=\"column\">\n\t\t\t<div class=\"elementor-column-wrap elementor-element-populated\">\n\t\t\t\t\t\t\t<div class=\"elementor-widget-wrap\">\n\t\t\t\t\t\t<div class=\"elementor-element elementor-element-d05beae elementor-widget elementor-widget-ova_info_image\" data-id=\"d05beae\" data-element_type=\"widget\" data-widget_type=\"ova_info_image.default\">\n\t\t\t\t<div class=\"elementor-widget-container\">\n\t\t\t\t\t<div class=\"ova_info_position info_position\">\n\t\t\t\t\t\t\t<div class=\"post-media\">\n\t\t\t\t\t<img src=\"https:\/\/muzej-rukotvorina.com\/wp-content\/uploads\/2020\/12\/Zvijezde-2.jpg\" alt=\"Korpa\">\n\t\t\t\t<\/div>\n\t\t\t\t\t\t<div class=\"content\">\n\t\t\t\t\t\t\t\t\t<div class=\"title\">\n\t\t\t\t\t\t<h3><a class=\"second_font\" href=\"#\">Korpa<\/a><\/h3>\n\t\t\t\t\t<\/div>\n\t\t\t\t\t\t\t\t\t\t\t\t\t<div class=\"desc\">\n\t\t\t\t\t\t<p>Izradila: Neda Strini\u0107<\/p>\n\t\t\t\t\t<\/div>\n\t\t\t\t\n\t\t\t\t\n\t\t\t\t\t\t\t<\/div>\n\t\t\t\n\n\t\t<\/div>\n\t\t\t<\/div>\n\t\t\t\t<\/div>\n\t\t\t\t\t\t<\/div>\n\t\t\t\t\t<\/div>\n\t\t<\/div>\n\t\t\t\t<div class=\"elementor-column elementor-col-33 elementor-top-column elementor-element elementor-element-34fe83c\" data-id=\"34fe83c\" data-element_type=\"column\">\n\t\t\t<div class=\"elementor-column-wrap elementor-element-populated\">\n\t\t\t\t\t\t\t<div class=\"elementor-widget-wrap\">\n\t\t\t\t\t\t<div class=\"elementor-element elementor-element-2dacac2 elementor-widget elementor-widget-ova_info_image\" data-id=\"2dacac2\" data-element_type=\"widget\" data-widget_type=\"ova_info_image.default\">\n\t\t\t\t<div class=\"elementor-widget-container\">\n\t\t\t\t\t<div class=\"ova_info_position info_position\">\n\t\t\t\t\t\t\t<div class=\"post-media\">\n\t\t\t\t\t<img src=\"https:\/\/muzej-rukotvorina.com\/wp-content\/uploads\/2020\/12\/cipka1.jpg\" alt=\"\u010cestitka Vez\">\n\t\t\t\t<\/div>\n\t\t\t\t\t\t<div class=\"content\">\n\t\t\t\t\t\t\t\t\t<div class=\"title\">\n\t\t\t\t\t\t<h3><a class=\"second_font\" href=\"#\">\u010cestitka Vez<\/a><\/h3>\n\t\t\t\t\t<\/div>\n\t\t\t\t\t\t\t\t\t\t\t\t\t<div class=\"desc\">\n\t\t\t\t\t\t<p>Izradila: Udruga Amadea<\/p>\n\t\t\t\t\t<\/div>\n\t\t\t\t\n\t\t\t\t\n\t\t\t\t\t\t\t<\/div>\n\t\t\t\n\n\t\t<\/div>\n\t\t\t<\/div>\n\t\t\t\t<\/div>\n\t\t\t\t\t\t<\/div>\n\t\t\t\t\t<\/div>\n\t\t<\/div>\n\t\t\t\t\t\t\t\t<\/div>\n\t\t\t\t\t<\/div>\n\t\t<\/section>\n\t\t\t\t<section class=\"elementor-section elementor-top-section elementor-element elementor-element-b6eac33 elementor-section-boxed elementor-section-height-default elementor-section-height-default\" data-id=\"b6eac33\" data-element_type=\"section\">\n\t\t\t\t\t\t<div class=\"elementor-container elementor-column-gap-default\">\n\t\t\t\t\t\t\t<div class=\"elementor-row\">\n\t\t\t\t\t<div class=\"elementor-column elementor-col-33 elementor-top-column elementor-element elementor-element-c10ba73\" data-id=\"c10ba73\" data-element_type=\"column\">\n\t\t\t<div class=\"elementor-column-wrap elementor-element-populated\">\n\t\t\t\t\t\t\t<div class=\"elementor-widget-wrap\">\n\t\t\t\t\t\t<div class=\"elementor-element elementor-element-d845d95 elementor-widget elementor-widget-ova_info_image\" data-id=\"d845d95\" data-element_type=\"widget\" data-widget_type=\"ova_info_image.default\">\n\t\t\t\t<div class=\"elementor-widget-container\">\n\t\t\t\t\t<div class=\"ova_info_position info_position\">\n\t\t\t\t\t\t\t<div class=\"post-media\">\n\t\t\t\t\t<img src=\"https:\/\/muzej-rukotvorina.com\/wp-content\/uploads\/2020\/12\/most.jpg\" alt=\"Slika na platnu\">\n\t\t\t\t<\/div>\n\t\t\t\t\t\t<div class=\"content\">\n\t\t\t\t\t\t\t\t\t<div class=\"title\">\n\t\t\t\t\t\t<h3><a class=\"second_font\" href=\"#\">Slika na platnu<\/a><\/h3>\n\t\t\t\t\t<\/div>\n\t\t\t\t\t\t\t\t\t\t\t\t\t<div class=\"desc\">\n\t\t\t\t\t\t<p>Autor: Nepoznat<\/p>\n\t\t\t\t\t<\/div>\n\t\t\t\t\n\t\t\t\t\n\t\t\t\t\t\t\t<\/div>\n\t\t\t\n\n\t\t<\/div>\n\t\t\t<\/div>\n\t\t\t\t<\/div>\n\t\t\t\t\t\t<\/div>\n\t\t\t\t\t<\/div>\n\t\t<\/div>\n\t\t\t\t<div class=\"elementor-column elementor-col-33 elementor-top-column elementor-element elementor-element-8c02452\" data-id=\"8c02452\" data-element_type=\"column\">\n\t\t\t<div class=\"elementor-column-wrap elementor-element-populated\">\n\t\t\t\t\t\t\t<div class=\"elementor-widget-wrap\">\n\t\t\t\t\t\t<div class=\"elementor-element elementor-element-640d352 elementor-widget elementor-widget-ova_info_image\" data-id=\"640d352\" data-element_type=\"widget\" data-widget_type=\"ova_info_image.default\">\n\t\t\t\t<div class=\"elementor-widget-container\">\n\t\t\t\t\t<div class=\"ova_info_position info_position\">\n\t\t\t\t\t\t\t<div class=\"post-media\">\n\t\t\t\t\t<img src=\"https:\/\/muzej-rukotvorina.com\/wp-content\/uploads\/2020\/12\/lidija.jpg\" alt=\"An\u0111eo\">\n\t\t\t\t<\/div>\n\t\t\t\t\t\t<div class=\"content\">\n\t\t\t\t\t\t\t\t\t<div class=\"title\">\n\t\t\t\t\t\t<h3><a class=\"second_font\" href=\"#\">An\u0111eo<\/a><\/h3>\n\t\t\t\t\t<\/div>\n\t\t\t\t\t\t\t\t\t\t\t\t\t<div class=\"desc\">\n\t\t\t\t\t\t<p>Izradila: Lidija Nova\u010di\u0107<\/p>\n\t\t\t\t\t<\/div>\n\t\t\t\t\n\t\t\t\t\n\t\t\t\t\t\t\t<\/div>\n\t\t\t\n\n\t\t<\/div>\n\t\t\t<\/div>\n\t\t\t\t<\/div>\n\t\t\t\t\t\t<\/div>\n\t\t\t\t\t<\/div>\n\t\t<\/div>\n\t\t\t\t<div class=\"elementor-column elementor-col-33 elementor-top-column elementor-element elementor-element-e74af6a\" data-id=\"e74af6a\" data-element_type=\"column\">\n\t\t\t<div class=\"elementor-column-wrap elementor-element-populated\">\n\t\t\t\t\t\t\t<div class=\"elementor-widget-wrap\">\n\t\t\t\t\t\t<div class=\"elementor-element elementor-element-8ce3d23 elementor-widget elementor-widget-ova_info_image\" data-id=\"8ce3d23\" data-element_type=\"widget\" data-widget_type=\"ova_info_image.default\">\n\t\t\t\t<div class=\"elementor-widget-container\">\n\t\t\t\t\t<div class=\"ova_info_position info_position\">\n\t\t\t\t\t\t\t<div class=\"post-media\">\n\t\t\t\t\t<img src=\"https:\/\/muzej-rukotvorina.com\/wp-content\/uploads\/2021\/01\/Matica.jpg\" alt=\"Crte\u017e na staklu\">\n\t\t\t\t<\/div>\n\t\t\t\t\t\t<div class=\"content\">\n\t\t\t\t\t\t\t\t\t<div class=\"title\">\n\t\t\t\t\t\t<h3><a class=\"second_font\" href=\"#\">Crte\u017e na staklu<\/a><\/h3>\n\t\t\t\t\t<\/div>\n\t\t\t\t\t\t\t\t\t\t\t\t\t<div class=\"desc\">\n\t\t\t\t\t\t<p>Izra\u0111uju\u0107i crte\u017ee za potrebe Matice slova\u010dke Osijek smislio sam jednu novu tehniku, koju sam nazvao zlatocrt (odnosno srebrocrt ili bakrocrt, ovisno o boji), a kojom crtaju\u0107i na staklu opona\u0161am zlatovez. Crtam konturnim bojama za staklo. Ponegdje su dodani i cirkoni ili \u0161ljokice za potpuno postizanje dojma. Pozadina je karton u boji. Kad se boja sasvim osu\u0161i trajna je i nije je potrebno lakirati.\n\n<\/p>\n\t\t\t\t\t<\/div>\n\t\t\t\t\n\t\t\t\t\n\t\t\t\t\t\t\t\t\t<div class=\"text-button\">\n\t\t\t\t\t\t<a href=\"#\">Izradio: Robert Zgrabli\u0107<\/a>\n\t\t\t\t\t<\/div>\n\t\t\t\t\t\t\t<\/div>\n\t\t\t\n\n\t\t<\/div>\n\t\t\t<\/div>\n\t\t\t\t<\/div>\n\t\t\t\t\t\t<\/div>\n\t\t\t\t\t<\/div>\n\t\t<\/div>\n\t\t\t\t\t\t\t\t<\/div>\n\t\t\t\t\t<\/div>\n\t\t<\/section>\n\t\t\t\t<section class=\"elementor-section elementor-top-section elementor-element elementor-element-d3624ab elementor-section-boxed elementor-section-height-default elementor-section-height-default\" data-id=\"d3624ab\" data-element_type=\"section\">\n\t\t\t\t\t\t<div class=\"elementor-container elementor-column-gap-default\">\n\t\t\t\t\t\t\t<div class=\"elementor-row\">\n\t\t\t\t\t<div class=\"elementor-column elementor-col-33 elementor-top-column elementor-element elementor-element-5042308\" data-id=\"5042308\" data-element_type=\"column\">\n\t\t\t<div class=\"elementor-column-wrap elementor-element-populated\">\n\t\t\t\t\t\t\t<div class=\"elementor-widget-wrap\">\n\t\t\t\t\t\t<div class=\"elementor-element elementor-element-c3fc9e8 elementor-widget elementor-widget-ova_info_image\" data-id=\"c3fc9e8\" data-element_type=\"widget\" data-widget_type=\"ova_info_image.default\">\n\t\t\t\t<div class=\"elementor-widget-container\">\n\t\t\t\t\t<div class=\"ova_info_position info_position\">\n\t\t\t\t\t\t\t<div class=\"post-media\">\n\t\t\t\t\t<img src=\"https:\/\/muzej-rukotvorina.com\/wp-content\/uploads\/2020\/12\/j1.jpg\" alt=\"Zlatovez na pojasu\">\n\t\t\t\t<\/div>\n\t\t\t\t\t\t<div class=\"content\">\n\t\t\t\t\t\t\t\t\t<div class=\"title\">\n\t\t\t\t\t\t<h3><a class=\"second_font\" href=\"#\">Zlatovez na pojasu<\/a><\/h3>\n\t\t\t\t\t<\/div>\n\t\t\t\t\t\t\t\t\t\t\t\t\t<div class=\"desc\">\n\t\t\t\t\t\t<p>Autor: Nepoznat<\/p>\n\t\t\t\t\t<\/div>\n\t\t\t\t\n\t\t\t\t\n\t\t\t\t\t\t\t<\/div>\n\t\t\t\n\n\t\t<\/div>\n\t\t\t<\/div>\n\t\t\t\t<\/div>\n\t\t\t\t\t\t<\/div>\n\t\t\t\t\t<\/div>\n\t\t<\/div>\n\t\t\t\t<div class=\"elementor-column elementor-col-33 elementor-top-column elementor-element elementor-element-dfc4869\" data-id=\"dfc4869\" data-element_type=\"column\">\n\t\t\t<div class=\"elementor-column-wrap elementor-element-populated\">\n\t\t\t\t\t\t\t<div class=\"elementor-widget-wrap\">\n\t\t\t\t\t\t<div class=\"elementor-element elementor-element-1eeece0 elementor-widget elementor-widget-ova_info_image\" data-id=\"1eeece0\" data-element_type=\"widget\" data-widget_type=\"ova_info_image.default\">\n\t\t\t\t<div class=\"elementor-widget-container\">\n\t\t\t\t\t<div class=\"ova_info_position info_position\">\n\t\t\t\t\t\t\t<div class=\"post-media\">\n\t\t\t\t\t<img src=\"https:\/\/muzej-rukotvorina.com\/wp-content\/uploads\/2020\/12\/j2.jpg\" alt=\"Slikanje na staklu\">\n\t\t\t\t<\/div>\n\t\t\t\t\t\t<div class=\"content\">\n\t\t\t\t\t\t\t\t\t<div class=\"title\">\n\t\t\t\t\t\t<h3><a class=\"second_font\" href=\"#\">Slikanje na staklu<\/a><\/h3>\n\t\t\t\t\t<\/div>\n\t\t\t\t\t\t\t\t\t\t\t\t\t<div class=\"desc\">\n\t\t\t\t\t\t<p>Autor: Nepoznat<\/p>\n\t\t\t\t\t<\/div>\n\t\t\t\t\n\t\t\t\t\n\t\t\t\t\t\t\t<\/div>\n\t\t\t\n\n\t\t<\/div>\n\t\t\t<\/div>\n\t\t\t\t<\/div>\n\t\t\t\t\t\t<\/div>\n\t\t\t\t\t<\/div>\n\t\t<\/div>\n\t\t\t\t<div class=\"elementor-column elementor-col-33 elementor-top-column elementor-element elementor-element-7bb3cb7\" data-id=\"7bb3cb7\" data-element_type=\"column\">\n\t\t\t<div class=\"elementor-column-wrap elementor-element-populated\">\n\t\t\t\t\t\t\t<div class=\"elementor-widget-wrap\">\n\t\t\t\t\t\t<div class=\"elementor-element elementor-element-89b985d elementor-widget elementor-widget-ova_info_image\" data-id=\"89b985d\" data-element_type=\"widget\" data-widget_type=\"ova_info_image.default\">\n\t\t\t\t<div class=\"elementor-widget-container\">\n\t\t\t\t\t<div class=\"ova_info_position info_position\">\n\t\t\t\t\t\t\t<div class=\"post-media\">\n\t\t\t\t\t<img src=\"https:\/\/muzej-rukotvorina.com\/wp-content\/uploads\/2020\/12\/j5.jpg\" alt=\"Slikanje na staklu\">\n\t\t\t\t<\/div>\n\t\t\t\t\t\t<div class=\"content\">\n\t\t\t\t\t\t\t\t\t<div class=\"title\">\n\t\t\t\t\t\t<h3><a class=\"second_font\" href=\"#\">Slikanje na staklu<\/a><\/h3>\n\t\t\t\t\t<\/div>\n\t\t\t\t\t\t\t\t\t\t\t\t\t<div class=\"desc\">\n\t\t\t\t\t\t<p>Autor: Nepoznat<\/p>\n\t\t\t\t\t<\/div>\n\t\t\t\t\n\t\t\t\t\n\t\t\t\t\t\t\t<\/div>\n\t\t\t\n\n\t\t<\/div>\n\t\t\t<\/div>\n\t\t\t\t<\/div>\n\t\t\t\t\t\t<\/div>\n\t\t\t\t\t<\/div>\n\t\t<\/div>\n\t\t\t\t\t\t\t\t<\/div>\n\t\t\t\t\t<\/div>\n\t\t<\/section>\n\t\t\t\t\t\t<\/div>\n\t\t\t\t\t\t<\/div>\n\t\t\t\t\t<\/div>\n\t\t","protected":false},"excerpt":{"rendered":"<p>Rukotvorine inspirirane tradicijom Rukotvorine inspirirane tradicijom Suvenir Izradila: Lidija Nova\u010di\u0107 Bo\u017ei\u0107ni nakit Izradila: Lidija Nova\u010di\u0107 Bo\u017ei\u0107ni nakit Izradila: Lidija Nova\u010di\u0107 Zvijezde Izradila: Lidija Nova\u010di\u0107 Korpa Izradila: Neda Strini\u0107 \u010cestitka Vez Izradila: Udruga Amadea Slika na platnu Autor: Nepoznat An\u0111eo Izradila: Lidija Nova\u010di\u0107 Crte\u017e na staklu Izra\u0111uju\u0107i crte\u017ee za potrebe Matice slova\u010dke Osijek smislio sam jednu [&hellip;]<\/p>\n","protected":false},"author":1,"featured_media":0,"parent":0,"menu_order":0,"comment_status":"closed","ping_status":"closed","template":"elementor_header_footer","meta":[],"_links":{"self":[{"href":"https:\/\/muzej-rukotvorina.com\/index.php\/wp-json\/wp\/v2\/pages\/2469"}],"collection":[{"href":"https:\/\/muzej-rukotvorina.com\/index.php\/wp-json\/wp\/v2\/pages"}],"about":[{"href":"https:\/\/muzej-rukotvorina.com\/index.php\/wp-json\/wp\/v2\/types\/page"}],"author":[{"embeddable":true,"href":"https:\/\/muzej-rukotvorina.com\/index.php\/wp-json\/wp\/v2\/users\/1"}],"replies":[{"embeddable":true,"href":"https:\/\/muzej-rukotvorina.com\/index.php\/wp-json\/wp\/v2\/comments?post=2469"}],"version-history":[{"count":109,"href":"https:\/\/muzej-rukotvorina.com\/index.php\/wp-json\/wp\/v2\/pages\/2469\/revisions"}],"predecessor-version":[{"id":5580,"href":"https:\/\/muzej-rukotvorina.com\/index.php\/wp-json\/wp\/v2\/pages\/2469\/revisions\/5580"}],"wp:attachment":[{"href":"https:\/\/muzej-rukotvorina.com\/index.php\/wp-json\/wp\/v2\/media?parent=2469"}],"curies":[{"name":"wp","href":"https:\/\/api.w.org\/{rel}","templated":true}]}}