{"id":4661,"date":"2019-03-01T11:10:28","date_gmt":"2019-03-01T11:10:28","guid":{"rendered":"http:\/\/demo.ovathemes.com\/muzze\/?page_id=4661"},"modified":"2020-12-18T14:22:49","modified_gmt":"2020-12-18T14:22:49","slug":"tradicijske-rukotvorine","status":"publish","type":"page","link":"https:\/\/muzej-rukotvorina.com\/index.php\/tradicijske-rukotvorine\/","title":{"rendered":"Tradicijske rukotvorine"},"content":{"rendered":"\t\t<div data-elementor-type=\"wp-post\" data-elementor-id=\"4661\" class=\"elementor elementor-4661\" data-elementor-settings=\"[]\">\n\t\t\t\t\t\t<div class=\"elementor-inner\">\n\t\t\t\t\t\t\t<div class=\"elementor-section-wrap\">\n\t\t\t\t\t\t\t<section class=\"elementor-section elementor-top-section elementor-element elementor-element-dba1c90 elementor-section-boxed elementor-section-height-default elementor-section-height-default\" data-id=\"dba1c90\" data-element_type=\"section\">\n\t\t\t\t\t\t<div class=\"elementor-container elementor-column-gap-default\">\n\t\t\t\t\t\t\t<div class=\"elementor-row\">\n\t\t\t\t\t<div class=\"elementor-column elementor-col-100 elementor-top-column elementor-element elementor-element-6fa99a6\" data-id=\"6fa99a6\" data-element_type=\"column\">\n\t\t\t<div class=\"elementor-column-wrap elementor-element-populated\">\n\t\t\t\t\t\t\t<div class=\"elementor-widget-wrap\">\n\t\t\t\t\t\t<div class=\"elementor-element elementor-element-3e5f3f1 elementor-widget elementor-widget-heading\" data-id=\"3e5f3f1\" data-element_type=\"widget\" data-widget_type=\"heading.default\">\n\t\t\t\t<div class=\"elementor-widget-container\">\n\t\t\t<h1 class=\"elementor-heading-title elementor-size-default\">Tradicijske rukotvorine<\/h1>\t\t<\/div>\n\t\t\t\t<\/div>\n\t\t\t\t\t\t<\/div>\n\t\t\t\t\t<\/div>\n\t\t<\/div>\n\t\t\t\t\t\t\t\t<\/div>\n\t\t\t\t\t<\/div>\n\t\t<\/section>\n\t\t\t\t<section class=\"elementor-section elementor-top-section elementor-element elementor-element-d6ee6a5 elementor-section-boxed elementor-section-height-default elementor-section-height-default\" data-id=\"d6ee6a5\" data-element_type=\"section\">\n\t\t\t\t\t\t<div class=\"elementor-container elementor-column-gap-default\">\n\t\t\t\t\t\t\t<div class=\"elementor-row\">\n\t\t\t\t\t<div class=\"elementor-column elementor-col-100 elementor-top-column elementor-element elementor-element-dab3d87\" data-id=\"dab3d87\" data-element_type=\"column\">\n\t\t\t<div class=\"elementor-column-wrap elementor-element-populated\">\n\t\t\t\t\t\t\t<div class=\"elementor-widget-wrap\">\n\t\t\t\t\t\t<div class=\"elementor-element elementor-element-f5995df elementor-widget elementor-widget-text-editor\" data-id=\"f5995df\" data-element_type=\"widget\" data-widget_type=\"text-editor.default\">\n\t\t\t\t<div class=\"elementor-widget-container\">\n\t\t\t\t\t\t\t\t<div class=\"elementor-text-editor elementor-clearfix\">\n\t\t\t\t<p><span style=\"color: #888888;\">Rukotvorine ispunjene tradicijom i ma\u0161tom<\/span><\/p>\t\t\t\t\t<\/div>\n\t\t\t\t\t\t<\/div>\n\t\t\t\t<\/div>\n\t\t\t\t\t\t<\/div>\n\t\t\t\t\t<\/div>\n\t\t<\/div>\n\t\t\t\t\t\t\t\t<\/div>\n\t\t\t\t\t<\/div>\n\t\t<\/section>\n\t\t\t\t<section class=\"elementor-section elementor-top-section elementor-element elementor-element-133b80e elementor-section-boxed elementor-section-height-default elementor-section-height-default\" data-id=\"133b80e\" data-element_type=\"section\">\n\t\t\t\t\t\t<div class=\"elementor-container elementor-column-gap-default\">\n\t\t\t\t\t\t\t<div class=\"elementor-row\">\n\t\t\t\t\t<div class=\"elementor-column elementor-col-33 elementor-top-column elementor-element elementor-element-1d9c715\" data-id=\"1d9c715\" data-element_type=\"column\">\n\t\t\t<div class=\"elementor-column-wrap elementor-element-populated\">\n\t\t\t\t\t\t\t<div class=\"elementor-widget-wrap\">\n\t\t\t\t\t\t<div class=\"elementor-element elementor-element-f76b05f elementor-widget elementor-widget-ova_info_image\" data-id=\"f76b05f\" data-element_type=\"widget\" data-widget_type=\"ova_info_image.default\">\n\t\t\t\t<div class=\"elementor-widget-container\">\n\t\t\t\t\t<div class=\"ova_info_position  info_plan \">\n\t\t\t\t\t\t\t<div class=\"post-media\">\n\t\t\t\t\t<img src=\"https:\/\/muzej-rukotvorina.com\/wp-content\/uploads\/2020\/12\/Slike-3.jpg\" alt=\"Goblen\">\n\t\t\t\t<\/div>\n\t\t\t\t\t\t<div class=\"content\">\n\t\t\t\t\t\t\t\t\t<div class=\"title\">\n\t\t\t\t\t\t<h3><a class=\"second_font\" href=\"\">Goblen<\/a><\/h3>\n\t\t\t\t\t<\/div>\n\t\t\t\t\t\t\t\t\t\t\t\t\t<div class=\"desc\">\n\t\t\t\t\t\t<p>Izradila: Ljubica Sitar<\/p>\n\t\t\t\t\t<\/div>\n\t\t\t\t\n\t\t\t\t\n\t\t\t\t\t\t\t<\/div>\n\t\t\t\n\n\t\t<\/div>\n\t\t\t<\/div>\n\t\t\t\t<\/div>\n\t\t\t\t\t\t<\/div>\n\t\t\t\t\t<\/div>\n\t\t<\/div>\n\t\t\t\t<div class=\"elementor-column elementor-col-33 elementor-top-column elementor-element elementor-element-18f9dbe\" data-id=\"18f9dbe\" data-element_type=\"column\">\n\t\t\t<div class=\"elementor-column-wrap elementor-element-populated\">\n\t\t\t\t\t\t\t<div class=\"elementor-widget-wrap\">\n\t\t\t\t\t\t<div class=\"elementor-element elementor-element-fc0dc75 elementor-widget elementor-widget-ova_info_image\" data-id=\"fc0dc75\" data-element_type=\"widget\" data-widget_type=\"ova_info_image.default\">\n\t\t\t\t<div class=\"elementor-widget-container\">\n\t\t\t\t\t<div class=\"ova_info_position  info_plan \">\n\t\t\t\t\t\t\t<div class=\"post-media\">\n\t\t\t\t\t<img src=\"https:\/\/muzej-rukotvorina.com\/wp-content\/uploads\/2020\/12\/Slike-2.jpg\" alt=\"Goblen\">\n\t\t\t\t<\/div>\n\t\t\t\t\t\t<div class=\"content\">\n\t\t\t\t\t\t\t\t\t<div class=\"title\">\n\t\t\t\t\t\t<h3><a class=\"second_font\" href=\"\">Goblen<\/a><\/h3>\n\t\t\t\t\t<\/div>\n\t\t\t\t\t\t\t\t\t\t\t\t\t<div class=\"desc\">\n\t\t\t\t\t\t<p>Izradila: Ljubica Sitar<\/p>\n\t\t\t\t\t<\/div>\n\t\t\t\t\n\t\t\t\t\n\t\t\t\t\t\t\t<\/div>\n\t\t\t\n\n\t\t<\/div>\n\t\t\t<\/div>\n\t\t\t\t<\/div>\n\t\t\t\t\t\t<\/div>\n\t\t\t\t\t<\/div>\n\t\t<\/div>\n\t\t\t\t<div class=\"elementor-column elementor-col-33 elementor-top-column elementor-element elementor-element-2874903\" data-id=\"2874903\" data-element_type=\"column\">\n\t\t\t<div class=\"elementor-column-wrap elementor-element-populated\">\n\t\t\t\t\t\t\t<div class=\"elementor-widget-wrap\">\n\t\t\t\t\t\t<div class=\"elementor-element elementor-element-6e2f521 elementor-widget elementor-widget-ova_info_image\" data-id=\"6e2f521\" data-element_type=\"widget\" data-widget_type=\"ova_info_image.default\">\n\t\t\t\t<div class=\"elementor-widget-container\">\n\t\t\t\t\t<div class=\"ova_info_position  info_plan \">\n\t\t\t\t\t\t\t<div class=\"post-media\">\n\t\t\t\t\t<img src=\"https:\/\/muzej-rukotvorina.com\/wp-content\/uploads\/2020\/12\/pas-1.jpg\" alt=\"Goblen\">\n\t\t\t\t<\/div>\n\t\t\t\t\t\t<div class=\"content\">\n\t\t\t\t\t\t\t\t\t<div class=\"title\">\n\t\t\t\t\t\t<h3><a class=\"second_font\" href=\"\">Goblen<\/a><\/h3>\n\t\t\t\t\t<\/div>\n\t\t\t\t\t\t\t\t\t\t\t\t\t<div class=\"desc\">\n\t\t\t\t\t\t<p>Izradio: Sr\u0111o Trogrli\u0107<\/p>\n\t\t\t\t\t<\/div>\n\t\t\t\t\n\t\t\t\t\n\t\t\t\t\t\t\t<\/div>\n\t\t\t\n\n\t\t<\/div>\n\t\t\t<\/div>\n\t\t\t\t<\/div>\n\t\t\t\t\t\t<\/div>\n\t\t\t\t\t<\/div>\n\t\t<\/div>\n\t\t\t\t\t\t\t\t<\/div>\n\t\t\t\t\t<\/div>\n\t\t<\/section>\n\t\t\t\t<section class=\"elementor-section elementor-top-section elementor-element elementor-element-13e27f1 elementor-section-boxed elementor-section-height-default elementor-section-height-default\" data-id=\"13e27f1\" data-element_type=\"section\">\n\t\t\t\t\t\t<div class=\"elementor-container elementor-column-gap-default\">\n\t\t\t\t\t\t\t<div class=\"elementor-row\">\n\t\t\t\t\t<div class=\"elementor-column elementor-col-33 elementor-top-column elementor-element elementor-element-d5ed207\" data-id=\"d5ed207\" data-element_type=\"column\">\n\t\t\t<div class=\"elementor-column-wrap elementor-element-populated\">\n\t\t\t\t\t\t\t<div class=\"elementor-widget-wrap\">\n\t\t\t\t\t\t<div class=\"elementor-element elementor-element-8c10929 elementor-widget elementor-widget-ova_info_image\" data-id=\"8c10929\" data-element_type=\"widget\" data-widget_type=\"ova_info_image.default\">\n\t\t\t\t<div class=\"elementor-widget-container\">\n\t\t\t\t\t<div class=\"ova_info_position  info_plan \">\n\t\t\t\t\t\t\t<div class=\"post-media\">\n\t\t\t\t\t<img src=\"https:\/\/muzej-rukotvorina.com\/wp-content\/uploads\/2020\/12\/Slike-5.jpg\" alt=\"Goblen\">\n\t\t\t\t<\/div>\n\t\t\t\t\t\t<div class=\"content\">\n\t\t\t\t\t\t\t\t\t<div class=\"title\">\n\t\t\t\t\t\t<h3><a class=\"second_font\" href=\"\">Goblen<\/a><\/h3>\n\t\t\t\t\t<\/div>\n\t\t\t\t\t\t\t\t\t\t\t\t\t<div class=\"desc\">\n\t\t\t\t\t\t<p>Izradila: Ljubica Sitar<\/p>\n\t\t\t\t\t<\/div>\n\t\t\t\t\n\t\t\t\t\n\t\t\t\t\t\t\t<\/div>\n\t\t\t\n\n\t\t<\/div>\n\t\t\t<\/div>\n\t\t\t\t<\/div>\n\t\t\t\t\t\t<\/div>\n\t\t\t\t\t<\/div>\n\t\t<\/div>\n\t\t\t\t<div class=\"elementor-column elementor-col-33 elementor-top-column elementor-element elementor-element-d996bd0\" data-id=\"d996bd0\" data-element_type=\"column\">\n\t\t\t<div class=\"elementor-column-wrap elementor-element-populated\">\n\t\t\t\t\t\t\t<div class=\"elementor-widget-wrap\">\n\t\t\t\t\t\t<div class=\"elementor-element elementor-element-2f764d8 elementor-widget elementor-widget-ova_info_image\" data-id=\"2f764d8\" data-element_type=\"widget\" data-widget_type=\"ova_info_image.default\">\n\t\t\t\t<div class=\"elementor-widget-container\">\n\t\t\t\t\t<div class=\"ova_info_position  info_plan \">\n\t\t\t\t\t\t\t<div class=\"post-media\">\n\t\t\t\t\t<img src=\"https:\/\/muzej-rukotvorina.com\/wp-content\/uploads\/2020\/12\/dobra.jpg\" alt=\"Goblen\">\n\t\t\t\t<\/div>\n\t\t\t\t\t\t<div class=\"content\">\n\t\t\t\t\t\t\t\t\t<div class=\"title\">\n\t\t\t\t\t\t<h3><a class=\"second_font\" href=\"\">Goblen<\/a><\/h3>\n\t\t\t\t\t<\/div>\n\t\t\t\t\t\t\t\t\t\t\t\t\t<div class=\"desc\">\n\t\t\t\t\t\t<p>Izradio: Sr\u0111o Trogrli\u0107<\/p>\n\t\t\t\t\t<\/div>\n\t\t\t\t\n\t\t\t\t\n\t\t\t\t\t\t\t<\/div>\n\t\t\t\n\n\t\t<\/div>\n\t\t\t<\/div>\n\t\t\t\t<\/div>\n\t\t\t\t\t\t<\/div>\n\t\t\t\t\t<\/div>\n\t\t<\/div>\n\t\t\t\t<div class=\"elementor-column elementor-col-33 elementor-top-column elementor-element elementor-element-ae17991\" data-id=\"ae17991\" data-element_type=\"column\">\n\t\t\t<div class=\"elementor-column-wrap elementor-element-populated\">\n\t\t\t\t\t\t\t<div class=\"elementor-widget-wrap\">\n\t\t\t\t\t\t<div class=\"elementor-element elementor-element-ac13e50 elementor-widget elementor-widget-ova_info_image\" data-id=\"ac13e50\" data-element_type=\"widget\" data-widget_type=\"ova_info_image.default\">\n\t\t\t\t<div class=\"elementor-widget-container\">\n\t\t\t\t\t<div class=\"ova_info_position  info_plan \">\n\t\t\t\t\t\t\t<div class=\"post-media\">\n\t\t\t\t\t<img src=\"https:\/\/muzej-rukotvorina.com\/wp-content\/uploads\/2020\/12\/Slike-4.jpg\" alt=\"Goblen\">\n\t\t\t\t<\/div>\n\t\t\t\t\t\t<div class=\"content\">\n\t\t\t\t\t\t\t\t\t<div class=\"title\">\n\t\t\t\t\t\t<h3><a class=\"second_font\" href=\"\">Goblen<\/a><\/h3>\n\t\t\t\t\t<\/div>\n\t\t\t\t\t\t\t\t\t\t\t\t\t<div class=\"desc\">\n\t\t\t\t\t\t<p>Izradio: Sr\u0111o Trogrli\u0107<\/p>\n\t\t\t\t\t<\/div>\n\t\t\t\t\n\t\t\t\t\n\t\t\t\t\t\t\t<\/div>\n\t\t\t\n\n\t\t<\/div>\n\t\t\t<\/div>\n\t\t\t\t<\/div>\n\t\t\t\t\t\t<\/div>\n\t\t\t\t\t<\/div>\n\t\t<\/div>\n\t\t\t\t\t\t\t\t<\/div>\n\t\t\t\t\t<\/div>\n\t\t<\/section>\n\t\t\t\t\t\t<\/div>\n\t\t\t\t\t\t<\/div>\n\t\t\t\t\t<\/div>\n\t\t","protected":false},"excerpt":{"rendered":"<p>Tradicijske rukotvorine Rukotvorine ispunjene tradicijom i ma\u0161tom Goblen Izradila: Ljubica Sitar Goblen Izradila: Ljubica Sitar Goblen Izradio: Sr\u0111o Trogrli\u0107 Goblen Izradila: Ljubica Sitar Goblen Izradio: Sr\u0111o Trogrli\u0107 Goblen Izradio: Sr\u0111o Trogrli\u0107<\/p>\n","protected":false},"author":1,"featured_media":0,"parent":0,"menu_order":0,"comment_status":"closed","ping_status":"closed","template":"elementor_header_footer","meta":[],"_links":{"self":[{"href":"https:\/\/muzej-rukotvorina.com\/index.php\/wp-json\/wp\/v2\/pages\/4661"}],"collection":[{"href":"https:\/\/muzej-rukotvorina.com\/index.php\/wp-json\/wp\/v2\/pages"}],"about":[{"href":"https:\/\/muzej-rukotvorina.com\/index.php\/wp-json\/wp\/v2\/types\/page"}],"author":[{"embeddable":true,"href":"https:\/\/muzej-rukotvorina.com\/index.php\/wp-json\/wp\/v2\/users\/1"}],"replies":[{"embeddable":true,"href":"https:\/\/muzej-rukotvorina.com\/index.php\/wp-json\/wp\/v2\/comments?post=4661"}],"version-history":[{"count":63,"href":"https:\/\/muzej-rukotvorina.com\/index.php\/wp-json\/wp\/v2\/pages\/4661\/revisions"}],"predecessor-version":[{"id":5485,"href":"https:\/\/muzej-rukotvorina.com\/index.php\/wp-json\/wp\/v2\/pages\/4661\/revisions\/5485"}],"wp:attachment":[{"href":"https:\/\/muzej-rukotvorina.com\/index.php\/wp-json\/wp\/v2\/media?parent=4661"}],"curies":[{"name":"wp","href":"https:\/\/api.w.org\/{rel}","templated":true}]}}